{"id":672,"date":"2015-12-27T01:38:59","date_gmt":"2015-12-27T01:38:59","guid":{"rendered":"http:\/\/www.dysko.org\/blog\/?page_id=672"},"modified":"2015-12-27T02:10:38","modified_gmt":"2015-12-27T02:10:38","slug":"hello-visitors","status":"publish","type":"page","link":"https:\/\/dysko.org\/blog\/?page_id=672","title":{"rendered":"Welcome&#8230;"},"content":{"rendered":"<p>Welcome to our\u00a0website. Whether you are\u00a0a family member,\u00a0a friend or just a random internet traveller, please feel free to explore these pages. If you wonder what we are up to in these days peep into the\u00a0<a href=\"https:\/\/www.dysko.org\/blog\" target=\"\">News<\/a> section and if you really feel interactive you can\u00a0publish your thoughts and comments or simpy sign our <a href=\"https:\/\/www.dysko.org\/blog\/?page_id=41\" target=\"\">Guestbook<\/a>.<\/p>\n<p>Moreover, some of the most memorable events in our family can be seen in the\u00a0<a href=\"http:\/\/www.dysko.org\/history.html\" target=\"\">History<\/a> section.<\/p>\n<p>I any case, we hope you enjoy this visit!<\/p>\n<p>Witajcie na naszej stronie. Niezale\u017cnie od tego czy jeste\u015b bliskim cz\u0142onkiem rodziny, przyjacielem, czy te\u017c przygodnym w\u0119drowcem, zapraszamy Ci\u0119 do zwiedzania naszego k\u0105cika internetowego. Je\u017celi ciekawi ci\u0119 co si\u0119 ostatnio u nas dzieje prosz\u0119 zawitaj do sekcji <a href=\"https:\/\/www.dysko.org\/blog\" target=\"\">Aktualno\u015bci<\/a>. Je\u017celi poczujesz muz\u0119 tw\u00f3rcz\u0105 szalonego internauty mo\u017cesz opublikowa\u0107 tam \u00a0r\u00f3wnie\u017c swoje my\u015bli i spostrze\u017cenia lub po prostu wpisa\u0107 si\u0119 do naszej <a href=\"https:\/\/www.dysko.org\/blog\/?page_id=41\" target=\"\">Ksi\u0119gi Go\u015bci<\/a>.<\/p>\n<p>Co wi\u0119cej, niekt\u00f3re spo\u015br\u00f3d\u00a0pami\u0119tnych wydarze\u0144 rodzinnych zosta\u0142y udokumentowane w sekcji\u00a0<a href=\"http:\/\/www.dysko.org\/history_pl.html\" target=\"\">Historia<\/a>.<\/p>\n<p>Pozrawiamy serdecznie i \u017cyczymy mi\u0142ego surfowania!<\/p>\n<p><em>Mary, Adam,\u00a0Jakub, Stefan, Patryk, Benon, Daniel and Joseph. <\/em><\/p>\n","protected":false},"excerpt":{"rendered":"<p>Welcome to our\u00a0website. Whether you are\u00a0a family member,\u00a0a friend or just a random internet traveller, please feel free to explore these pages. If you wonder what we are up to in these days peep into the\u00a0News section and if you &hellip; <a href=\"https:\/\/dysko.org\/blog\/?page_id=672\">Continue reading <span class=\"meta-nav\">&rarr;<\/span><\/a><\/p>\n","protected":false},"author":15,"featured_media":0,"parent":0,"menu_order":0,"comment_status":"closed","ping_status":"closed","template":"","meta":{"footnotes":""},"class_list":["post-672","page","type-page","status-publish","hentry"],"_links":{"self":[{"href":"https:\/\/dysko.org\/blog\/index.php?rest_route=\/wp\/v2\/pages\/672","targetHints":{"allow":["GET"]}}],"collection":[{"href":"https:\/\/dysko.org\/blog\/index.php?rest_route=\/wp\/v2\/pages"}],"about":[{"href":"https:\/\/dysko.org\/blog\/index.php?rest_route=\/wp\/v2\/types\/page"}],"author":[{"embeddable":true,"href":"https:\/\/dysko.org\/blog\/index.php?rest_route=\/wp\/v2\/users\/15"}],"replies":[{"embeddable":true,"href":"https:\/\/dysko.org\/blog\/index.php?rest_route=%2Fwp%2Fv2%2Fcomments&post=672"}],"version-history":[{"count":6,"href":"https:\/\/dysko.org\/blog\/index.php?rest_route=\/wp\/v2\/pages\/672\/revisions"}],"predecessor-version":[{"id":683,"href":"https:\/\/dysko.org\/blog\/index.php?rest_route=\/wp\/v2\/pages\/672\/revisions\/683"}],"wp:attachment":[{"href":"https:\/\/dysko.org\/blog\/index.php?rest_route=%2Fwp%2Fv2%2Fmedia&parent=672"}],"curies":[{"name":"wp","href":"https:\/\/api.w.org\/{rel}","templated":true}]}}